{"id":19,"date":"2022-09-25T21:32:51","date_gmt":"2022-09-25T19:32:51","guid":{"rendered":"https:\/\/mpandp.dfirma.pl\/index.php\/one-page-express\/"},"modified":"2023-09-13T17:58:21","modified_gmt":"2023-09-13T15:58:21","slug":"one-page-express","status":"publish","type":"page","link":"https:\/\/mpandp.dfirma.pl\/","title":{"rendered":"Front Page"},"content":{"rendered":"<div  id=\"overlapable-2\" style=\"background-color: #ffffff;\" data-label=\"Overlapable\" data-id=\"stripped-coloured-icon-boxes\" data-category=\"overlapable\" class=\"features-coloured-icon-boxes-section\" data-overlap=\"true\"> <div  class=\"gridContainer\"> <div  class=\"features-coloured-icon-boxes-innerrow flexbox-list dark-text\" data-type=\"row\"> <div  class=\"features-coloured-icon-boxes-featurecol cp3cols\"> <div  class=\"features-coloured-icon-boxes-iconcontainer\" data-content-item-container=\"true\"> <i  data-cp-fa=\"true\" class=\"features-coloured-icon fa fa-user-md\"><\/i> <\/div> <h4  class=\"\">Interim Management<\/h4> <p  class=\"\">Us\u0142uga czasowego wynaj\u0119cia mened\u017cera  w celu osi\u0105gni\u0119cia ustalonego przez klienta rezultatu.\n<br ><br >\n\n<br ><br ><br >\n<\/p> <a class=\"features-coloured-button\" href=\"#interim-management\" target=\"_self\" rel=\"noopener\">Dowiedz si\u0119 wi\u0119cej<\/a> <\/div> <div  class=\"features-coloured-icon-boxes-featurecol cp3cols\"> <div  class=\"features-coloured-icon-boxes-iconcontainer\" data-content-item-container=\"true\"> <i  data-cp-fa=\"true\" class=\"features-coloured-icon fa fa-magic\"><\/i> <\/div> <h4  class=\"\">Transformacja cyfrowa<\/h4> <p  class=\"\">Us\u0142uga polagaj\u0105ca na analizie potrzeb klienta, zaprojektowaniu celu transformacji oraz przygotowaniu i przeprowadzeniu procesu transformacji cyfrowej.\n<br ><br >\n<br >\n<\/p>  <a class=\"features-coloured-button\" href=\"#transformacja-cyfrowa\" target=\"_self\" rel=\"noopener\">Dowiedz si\u0119 wi\u0119cej<\/a><\/div> <div  class=\"features-coloured-icon-boxes-featurecol cp3cols\"> <div  class=\"features-coloured-icon-boxes-iconcontainer\" data-content-item-container=\"true\"> <i  data-cp-fa=\"true\" class=\"features-coloured-icon fa fa-line-chart\"><\/i> <\/div> <h4  class=\"\">Us\u0142ugi doradcze<\/h4> <p  class=\"\">Us\u0142uga polegaj\u0105ca na analizie zg\u0142oszonego zagadnienia oraz wypracowanie rozwi\u0105zania optymalnego z punktu widzenia potrzeb klienta.\n<br ><br >&nbsp;&nbsp;&nbsp;&nbsp;&nbsp;&nbsp;&nbsp;&nbsp;&nbsp;&nbsp;&nbsp;&nbsp;&nbsp;&nbsp;&nbsp;&nbsp;&nbsp;&nbsp;&nbsp;&nbsp;&nbsp;&nbsp;&nbsp;&nbsp;&nbsp;&nbsp;&nbsp;&nbsp;&nbsp;&nbsp;&nbsp;&nbsp;&nbsp;&nbsp;&nbsp;&nbsp;&nbsp;&nbsp;&nbsp;&nbsp;&nbsp;&nbsp;&nbsp;&nbsp;&nbsp;&nbsp;&nbsp;&nbsp;&nbsp;&nbsp;&nbsp;&nbsp;&nbsp;&nbsp;&nbsp;&nbsp;&nbsp;&nbsp;&nbsp;&nbsp;&nbsp;&nbsp;&nbsp;&nbsp;&nbsp; \n\n<\/p> <a class=\"features-coloured-button\" href=\"#usugi-doradcze\" target=\"_self\" rel=\"noopener\">Dowiedz si\u0119 wi\u0119cej<\/a> <\/div> <div  class=\"features-coloured-icon-boxes-featurecol cp3cols\"> <div  class=\"features-coloured-icon-boxes-iconcontainer\" data-content-item-container=\"true\"> <i  data-cp-fa=\"true\" class=\"features-coloured-icon fa fa-cogs\"><\/i> <\/div> <h4  class=\"\">Zarz\u0105dzanie projektami, programami oraz portfelami projekt\u00f3w<\/h4> <p  class=\"\">Us\u0142uga wynaj\u0119cia mened\u017cera w celu przygotowania i przeprowadzenia projektu, programu lub portfela projekt\u00f3w.\n<\/p> <a class=\"features-coloured-button\" href=\"#zarzadzanie-projektami\" target=\"_self\" rel=\"noopener\">Dowiedz si\u0119 wi\u0119cej<\/a> <\/div> <\/div> <\/div><\/div><div  data-label=\"O nas\" data-id=\"about-images-right-section\" data-category=\"about\" class=\"about-images-right-section\" id=\"o-nas\" style=\"background-color: rgb(255, 255, 255);\"> <div  class=\"gridContainer dynamic-color\"> <div  class=\"about-images-right-innerrow dynamic-color\"> <div  class=\"about-images-right-textcol\" data-type=\"column\"> <h5  class=\"\">O nas<\/h5>  <p  class=\"\">Jeste\u015bmy zespo\u0142em ekspert\u00f3w z ponad 20 letnim do\u015bwiadczeniem w r\u00f3\u017cnych obszarach IT zdobytym w trakcie pracy dla integrator\u00f3w i producent\u00f3w rozwi\u0105za\u0144 IT, w komercyjnych instytucjach finansowych, w administracji publicznej oraz w trakcie pe\u0142nienia kluczowych r\u00f3l w projektach realizowanych na rynkach mi\u0119dzynarodowych (np. U.S.A., Nikaragua, Jemen) i polskim. Nasi pracownicy odpowiadali za zarz\u0105dzanie organizacjami rozproszonymi geograficznie zatrudniaj\u0105cymi do 100 os\u00f3b. Byli odpowiedzialni za obszary infrastruktury IT oraz aplikacji w du\u017cych organizacjach zatrudniaj\u0105cych do kilkudziesi\u0119ciu tysi\u0119cy pracownik\u00f3w oraz \u015bwiadcz\u0105cymi us\u0142ugi dla dziesi\u0105tek milion\u00f3w klient\u00f3w. Nasi specjali\u015bci zrealizowali projekty zmian organizacyjnych oraz wdro\u017cenia system\u00f3w dedykowanych, system\u00f3w klasy ECM, ERP, CRM, CMS, e-Learning, system\u00f3w billingowych, zarz\u0105dzania ryzykiem, wykrywania nadu\u017cy\u0107, business intelligence, rejestr\u00f3w, system\u00f3w bezpiecze\u0144stwa monitorowania i innych.\n<br >\n\n<br >W naszym zespole znajd\u0105 r\u00f3wnie\u017c Pa\u0144stwo kompetencje z obszaru zarz\u0105dzania przedsi\u0119biorstwem, sprzeda\u017cy, zakup\u00f3w, produkcji, kontrolingu, bezpiecze\u0144stwa i wielu innych.<br ><br >Chcemy nasz\u0105 wiedz\u0119, do\u015bwiadczenie i entuzjazm wykorzystywa\u0107 do budowy warto\u015bci naszych partner\u00f3w biznesowych.<\/p>  <h5  class=\"\">Nasza misja<\/h5><p  class=\"\">Budujemy warto\u015b\u0107 naszych Klient\u00f3w dzi\u0119ki optymalnemu doborowi rozwi\u0105za\u0144.<\/p><h5  class=\"\">Nasza wizja<\/h5><p  class=\"\">Jeste\u015bmy zespo\u0142em profesjonalist\u00f3w, dla kt\u00f3rych jako\u015b\u0107 us\u0142ug oraz ich efekt finansowy dla Klienta stanowi\u0105 podstawow\u0105 warto\u015b\u0107.<\/p><h5  class=\"\">Nasze atuty<\/h5><p  class=\"\">Wiedza, entuzjazm,\ndo\u015bwiadczenie, umiej\u0119tno\u015b\u0107 s\u0142uchania,\n<br >neutralno\u015b\u0107 technologiczna,&nbsp; ch\u0119\u0107 zrozumienia Pa\u0144stwa potrzeb,\ndba\u0142o\u015b\u0107 o jako\u015b\u0107 \u015bwiadczonych us\u0142ug,\nnieszablonowe podej\u015bcie do realizacji zlece\u0144, rozumienie proces\u00f3w realizowanych w biznesie oraz obszarach technologicznych.<\/p><a href=\"#\" class=\"\" target=\"_self\" rel=\"noopener\">Pocz\u0105tek strony<\/a><\/div> <div  class=\"about-images-right-imgcol\"><img  decoding=\"async\" class=\"about-images-right-topimg\" src=\"https:\/\/mpandp.dfirma.pl\/wp-content\/uploads\/2022\/10\/plan-projektu_02-e1665266118827.jpg\" alt=\"\"><img  decoding=\"async\" class=\"about-images-right-rightimg\" src=\"https:\/\/mpandp.dfirma.pl\/wp-content\/uploads\/2022\/09\/handshake-2998302-scaled.jpg\" alt=\"\"><img  decoding=\"async\" class=\"about-images-right-leftimg\" src=\"https:\/\/mpandp.dfirma.pl\/wp-content\/uploads\/2022\/10\/digitization-5194814_1920pixabay.jpg\" alt=\"\"> <\/div> <\/div> <\/div><\/div><div  id=\"interim-management\" style=\"background-color: rgb(246, 246, 246);\" data-label=\"Interim Management\" data-id=\"content-image-right\" data-category=\"content\" class=\"content-right-image-section\"> <div  class=\"gridContainer\"> <div  class=\"content-right-image-gridcol\"> <div  class=\"content-right-image-textcol dynamic-color\" data-type=\"column\"> <i  class=\"fa cp-icon fa1 fa-user-md\"><\/i><h2  class=\"\">Interim Management<\/h2> <p  class=\"large_text\">Us\u0142uga czasowego wynaj\u0119cia mened\u017cera  w celu osi\u0105gni\u0119cia ustalonego przez klienta rezultatu. Charakteryzuje si\u0119 tym, \u017ce wynaj\u0119ty mened\u017cer odpowiada za analiz\u0119 zagadnienia, wypracowanie propozycji rozwi\u0105zania, wdro\u017cenie wybranego rozwi\u0105zania oraz osi\u0105gni\u0119cie ustalonego rezultatu<\/p>  <div  class=\"spacer\" data-type=\"group\"><span  class=\"fa before\"><\/span><i  class=\"fa fa-bandcamp\"><\/i><span  class=\"fa after\"><\/span><\/div><a href=\"https:\/\/mpandp.dfirma.pl\/#clients-1\" class=\"\" target=\"_self\" rel=\"noopener\">Nasi klienci<\/a><h5  class=\"\">PRZYK\u0141ADOWE REALIZACJE<\/h5><p  class=\"\">Przygotowanie i wdro\u017cenie systemu klasy ERP<br >Optymalizacja proces\u00f3w<br >    Optymalizacja koszt\u00f3w funkcjonowania IT<br >    Optymalizacja relacji obszaru IT z obszarami biznesowymi przedsi\u0119biorstwa<br >    Wdro\u017cenie Project Management Office<br >    Wdro\u017cenie modelu us\u0142ugowego<br >    Budowa software house<br >    Budowa Centrum Przetwarzania Danych<br >    Budowa i wdro\u017cenie \u0142adu architektonicznego\n<\/p><a href=\"#\" class=\"\" target=\"_self\" rel=\"noopener\">Pocz\u0105tek strony<\/a><\/div> <div  class=\"content-right-image-imgcol\" data-type=\"column\"><img  decoding=\"async\" class=\"custom-image\" src=\"https:\/\/mpandp.dfirma.pl\/wp-content\/uploads\/2022\/09\/cropped-handshake-2998302-scaled-1.jpg\" alt=\"\">  <\/div> <\/div> <\/div> <\/div><div  id=\"transformacja-cyfrowa\" style=\"background-color: #ffffff;\" data-label=\"Transformacja Cyfrowa\" data-id=\"content-image-left\" data-category=\"content\" class=\"content-left-image-section\"> <div  class=\"gridContainer\"> <div  class=\"row\"> <div  class=\"content-left-image-imgcol\" data-type=\"column\"> <img  decoding=\"async\" src=\"https:\/\/mpandp.dfirma.pl\/wp-content\/uploads\/2022\/10\/digitization-5194814_1920pixabay.jpg\" class=\"\" alt=\"\"> <\/div> <div  class=\"content-left-image-textcol dynamic-color\" data-type=\"column\"> <i  class=\"fa cp-icon fa1 fa-magic\"><\/i><h2  class=\"\">Transformacja Cyfrowa<\/h2> <p  class=\"large_text\">Us\u0142uga polagaj\u0105ca na przygotowaniu i przeprowadzeniu zmiany, wybranych z klientem proces\u00f3w, z tradycyjnego sposobu ich realizacji do ich cyfrowej postaci. W ramach us\u0142ugi wykonywana jest analiza potrzeb klienta, wyznaczany jest celu transformacji oraz przygotowywana i przeprowadzana jest zmiana. <\/p>  <div  class=\"spacer\" data-type=\"group\"><span  class=\"fa before\"><\/span><i  class=\"fa fa-bandcamp\"><\/i><span  class=\"fa after\"><\/span><\/div><a href=\"https:\/\/mpandp.dfirma.pl\/#clients-1\" class=\"\" target=\"_self\" rel=\"noopener\">Nasi klienci<\/a><h5  class=\"\">PRZYK\u0141ADOWE REALIZACJE<\/h5><p  class=\"\">\nCyfryzacja wsp\u00f3\u0142pracy zespo\u0142\u00f3w wewn\u0105trz firmy\n<br >Optymalizacja wykorzystania istniej\u0105cych w firmie narz\u0119dzi<br >Cyfryzacja wybranych proces\u00f3w\n(np. sprzeda\u017cy, produkcji, kontrolingu)<br >Automatyzacja wybranych proces\u00f3w\n<br >Cyfryzacja wsp\u00f3\u0142pracy z kontrahentami\n<br >Cyfryzacja obs\u0142ugi klient\u00f3w<\/p><a href=\"#\" class=\"\" target=\"_self\" rel=\"noopener\">Pocz\u0105tek strony<\/a><\/div> <\/div> <\/div> <\/div><div  data-label=\"Usugi doradcze\" data-id=\"content-full-right-image-section\" data-category=\"content\" class=\"content-full-right-image-section\" id=\"usugi-doradcze\" style=\"background-color: rgb(246, 246, 246);\"> <div  class=\"content-full-right-image-innerrow\"> <div  class=\"content-full-right-image-textcol dynamic-color\"> <div  data-type=\"column\" class=\"\">  <i  class=\"fa cp-icon fa1 fa-line-chart\"><\/i><h2  class=\"\">Us\u0142ugi doardcze<\/h2> <p  class=\"\">Us\u0142uga polegaj\u0105ca na analizie zg\u0142oszonego zagadnienia oraz wypracowanie rozwi\u0105zania optymalnego z punktu widzenia potrzeb klienta.<\/p> <div  class=\"spacer\" data-type=\"group\"><span  class=\"fa before\"><\/span><i  class=\"fa fa-bandcamp\"><\/i><span  class=\"fa after\"><\/span><\/div><a href=\"https:\/\/mpandp.dfirma.pl\/#clients-1\" class=\"\" target=\"_self\" rel=\"noopener\">Nasi klienci<\/a><h5  class=\"\">DORADZAMY W ZAKRESIE<\/h5><div  class=\"\"><div  class=\"containerwrapper\"><div  class=\"container\"><div  id=\"content\"><div  id=\"main\" class=\"main_subpage\"><ul ><li >Wypracowania strategii biznesowych, informatyzacji oraz IT<\/li><li >Przygotowania i wdro\u017cenia \u0142adu korporacyjnego i jego element\u00f3w<\/li><li >Wypracowania strategii sourcing\u2019u, zarz\u0105dzania dostawcami<\/li><li >Przygotowania i wsparcia w negocjacjach z dostawcami<\/li><li >Szacowania warto\u015bci projekt\u00f3w<\/li><li >Przygotowania studi\u00f3w wykonalno\u015bci projekt\u00f3w<\/li><li >Wsparcia przy pozyskaniu \u015brodk\u00f3w z funduszy europejskich<\/li><li >Przygotowania specyfikacji zakup\u00f3w IT<\/li><li >Opracowania modeli \u201eas is\u201d oraz \u201eto be\u201d architektury korporacyjnej wraz ze strategi\u0105 przej\u015bcia pomi\u0119dzy modelami<\/li><li >Wsparcia w optymalizacji organizacji na poziomie proces\u00f3w, struktury organizacyjnej oraz \u015bwiadczonych us\u0142ug dla klienta.<\/li><li >Wypracowania standard\u00f3w technologicznych, projektowych, us\u0142ugowych<\/li><li >Wsparcia w opracowaniu i wdro\u017ceniu polityk bezpiecze\u0144stwa<\/li><\/ul><\/div><\/div><\/div><\/div><\/div><a href=\"#\" class=\"\" target=\"_self\" rel=\"noopener\">Pocz\u0105tek strony<\/a><\/div> <div  class=\"content-full-right-image-featuresrow\"> <div  class=\"content-full-right-image-featurescol\" data-type=\"column\">     <\/div> <div  class=\"content-full-right-image-featurescol\" data-type=\"column\">     <\/div> <\/div> <\/div> <div  data-bg=\"image\" class=\"content-full-right-image-imgcol\" style=\"background-image: url(&quot;https:\/\/mpandp.dfirma.pl\/wp-content\/uploads\/2022\/09\/technology-6701404-res.jpg&quot;);\"><\/div> <\/div><\/div><div  data-label=\"Zarzadzanie projektami\" data-id=\"content-full-left-image-section\" data-category=\"content\" class=\"content-full-left-image-section\" id=\"zarzadzanie-projektami\" style=\"background-color: rgb(255, 255, 255);\"> <div  class=\"content-full-left-image-innerrow\"> <div  data-bg=\"image\" class=\"content-full-left-image-imgcol\" style=\"background-image: url(&quot;https:\/\/mpandp.dfirma.pl\/wp-content\/uploads\/2022\/10\/plan-projektu_03-e1665175615137.jpg&quot;);\"><\/div> <div  class=\"content-full-left-image-textcol dynamic-color\"> <div  data-type=\"column\" class=\"\">  <i  class=\"fa cp-icon fa1 fa-cogs\"><\/i><h2  class=\"\">Zarz\u0105dzanie projektami, programami oraz portfelami projekt\u00f3w<\/h2> <p  class=\"\">Us\u0142uga wynaj\u0119cia mened\u017cera w celu przygotowania i przeprowadzenia projektu. W ramach us\u0142ugi mo\u017cliwe jest zarz\u0105dzanie portfelem projekt\u00f3w oraz zarz\u0105dzanie programami. Mened\u017cer pracuj\u0105cy na zlecenie klienta odpowiedzialny jest za realizacj\u0119 przedsi\u0119wzi\u0119cia w terminie, zgodnie z ustalonym bud\u017cetem i zakresem.<\/p> <div  class=\"spacer\" data-type=\"group\"><span  class=\"fa before\"><\/span><i  class=\"fa fa-bandcamp\"><\/i><span  class=\"fa after\"><\/span><\/div><a href=\"https:\/\/mpandp.dfirma.pl\/#clients-1\" class=\"\" target=\"_self\" rel=\"noopener\">Nasi klienci<\/a><h5  class=\"\">PRZYK\u0141ADOWE REALIZACJE<\/h5><div  class=\"\"><div  class=\"containerwrapper\"><div  class=\"container\"><div  id=\"content\"><div  id=\"main\" class=\"main_subpage\"><ul ><li >Wdro\u017cenie <strong >dedykowanych system\u00f3w transakcyjnych<\/strong><\/li><li >Wdro\u017cenie system\u00f3w klasy <strong >ECM, ERP, CRM, CMS, eLearning, \nSystemy podatkowe, Systemy billingowe, Zarz\u0105dzania ryzykiem, Wykrywania \nnadu\u017cy\u0107, Business Intelligence<\/strong><\/li><li ><strong >Projekty technologiczne<\/strong>\n<ul ><li >Budowa, wyposa\u017cenie i uruchomienie us\u0142ug Centrum Przetwarzania Danych<\/li><li >Wdro\u017cenie platformy integracji<\/li><li >Wdro\u017cenie platformy zarz\u0105dzania API<\/li><li >Wdro\u017cenie system\u00f3w monitorowania<\/li><li >Projekty zwi\u0119kszaj\u0105ce bezpiecze\u0144stwo us\u0142ug klienta<\/li><\/ul>\n<\/li><li ><strong >Projekty organizacyjne<\/strong>\n<ul ><li >Konsolidacja funkcji back office (np. HR, Finanse, IT itp.) na poziomie regionalnym lub centralnym<\/li><li >Wydzielenie jednostki z organizacji macierzystej<\/li><li >Transformacja funkcjonowania jednostki w organizacj\u0119 dzia\u0142aj\u0105c\u0105 us\u0142ugowo\/procesowo<\/li><li >Optymalizacja proces\u00f3w obs\u0142ugi klienta<\/li><\/ul>\n<\/li><li ><strong >Nadz\u00f3r inwestorski<\/strong> \u2013 nadzorujemy prace dostawc\u00f3w rozwi\u0105za\u0144 w celu zabezpieczenia interes\u00f3w klienta<\/li><\/ul><\/div><\/div><\/div><\/div><\/div><a href=\"#\" class=\"\" target=\"_self\" rel=\"noopener\">Pocz\u0105tek strony<\/a><\/div> <div  class=\"content-full-left-image-featuresrow\"> <div  class=\"content-full-left-image-featurescol\" data-type=\"column\">     <\/div> <div  class=\"content-full-left-image-featurescol\" data-type=\"column\">     <\/div> <\/div> <\/div> <\/div><\/div><div  data-label=\"Clients\" data-id=\"clients-grid-section\" data-category=\"clients\" class=\"clients-grid-section\" id=\"clients-1\" style=\"background-color: rgb(246, 246, 246);\"> <div  class=\"\"> <div  class=\"clients-grid-textrow row\" data-type=\"column\"> <div  data-type=\"column\" class=\"clients-grid-textcol dynamic-color\"> <a href=\"#\" class=\"\" target=\"_self\" rel=\"noopener\">Pocz\u0105tek strony<\/a><h2  class=\"\">Nasi konsultanci realizowali projekty dla:<\/h2>  <\/div> <\/div> <div  class=\"row\" data-type=\"row\" data-add-content=\"false\"> <div  class=\"clients-grid-itemcol cp3cols cp3cols-tablet\"> <div  class=\"middle_align5\"><a href=\"https:\/\/kim.gov.pl\" rel=\"noopener\" target=\"_blank\" class=\"\"><img  decoding=\"async\" class=\"clients-grid-itemimg\" src=\"https:\/\/mpandp.dfirma.pl\/wp-content\/uploads\/2022\/10\/KIM-logo.jpg\"><\/a> <\/div> <\/div> <div  class=\"clients-grid-itemcol cp3cols cp3cols-tablet\"> <div  class=\"middle_align5\"><a href=\"https:\/\/www.krrit.gov.pl\" rel=\"noopener\" target=\"_blank\" class=\"\"><img  decoding=\"async\" class=\"clients-grid-itemimg\" src=\"https:\/\/mpandp.dfirma.pl\/wp-content\/uploads\/2022\/10\/krrit-logo-1.jpg\"><\/a> <\/div> <\/div> <div  class=\"clients-grid-itemcol cp3cols cp3cols-tablet\"> <div  class=\"middle_align5\"><a href=\"https:\/\/britenet.com.pl\" rel=\"noopener\" target=\"_blank\" class=\"\"><img  decoding=\"async\" class=\"clients-grid-itemimg\" src=\"https:\/\/mpandp.dfirma.pl\/wp-content\/uploads\/2022\/10\/britenet-logo.png\"><\/a> <\/div> <\/div> <div  class=\"clients-grid-itemcol cp3cols cp3cols-tablet\"> <div  class=\"middle_align5\"><a href=\"https:\/\/www.gov.pl\/web\/cyfryzacja\" rel=\"noopener\" target=\"_blank\" class=\"\"><img  decoding=\"async\" class=\"clients-grid-itemimg\" src=\"https:\/\/mpandp.dfirma.pl\/wp-content\/uploads\/2022\/10\/ministerstwo-cyfryzacji-logo.jpg\"><\/a> <\/div> <\/div> <div  class=\"clients-grid-itemcol cp3cols cp3cols-tablet\"> <div  class=\"middle_align5\"><a href=\"https:\/\/www.sunningwell.pl\" rel=\"noopener\" target=\"_blank\" class=\"\"><img  decoding=\"async\" class=\"clients-grid-itemimg\" src=\"https:\/\/mpandp.dfirma.pl\/wp-content\/uploads\/2022\/10\/sunningwell-logo-1.png\"> <\/a><\/div><a href=\"#\" target=\"blank\" class=\"\" rel=\"noopener\"> <\/a><\/div><a href=\"#\" target=\"blank\" rel=\"noopener\"> <\/a><div  class=\"clients-grid-itemcol cp3cols cp3cols-tablet\"><a href=\"#\" target=\"blank\" class=\"\" rel=\"noopener\"> <\/a><div  class=\"middle_align5\"><a href=\"#\" target=\"blank\" rel=\"noopener\"><\/a><a href=\"https:\/\/redocean.pl\" rel=\"noopener\" target=\"_blank\" class=\"\"><img  decoding=\"async\" class=\"clients-grid-itemimg\" src=\"https:\/\/mpandp.dfirma.pl\/wp-content\/uploads\/2022\/10\/RedOcean.png\"><\/a> <\/div> <\/div> <div  class=\"clients-grid-itemcol cp3cols cp3cols-tablet\"> <div  class=\"middle_align5\"><a href=\"https:\/\/www.jsw.pl\" rel=\"noopener\" target=\"_blank\" class=\"\"><img  decoding=\"async\" class=\"clients-grid-itemimg\" src=\"https:\/\/mpandp.dfirma.pl\/wp-content\/uploads\/2022\/10\/jsw-logo.jpg\"><\/a> <\/div> <\/div> <div  class=\"clients-grid-itemcol cp3cols cp3cols-tablet\"> <div  class=\"middle_align5\"><a href=\"https:\/\/www.gov.pl\/web\/sprawiedliwosc\" rel=\"noopener\" target=\"_blank\" class=\"\"><img  decoding=\"async\" class=\"clients-grid-itemimg\" src=\"https:\/\/mpandp.dfirma.pl\/wp-content\/uploads\/2022\/10\/ms-logo.jpg\"><\/a> <\/div> <\/div> <\/div> <\/div><\/div>","protected":false},"excerpt":{"rendered":"<p>Interim Management Us\u0142uga czasowego wynaj\u0119cia mened\u017cera w celu osi\u0105gni\u0119cia ustalonego przez klienta rezultatu. Dowiedz si\u0119 wi\u0119cej Transformacja cyfrowa Us\u0142uga polagaj\u0105ca na analizie potrzeb klienta, zaprojektowaniu celu transformacji oraz przygotowaniu i przeprowadzeniu procesu transformacji cyfrowej. Dowiedz si\u0119 wi\u0119cej Us\u0142ugi doradcze Us\u0142uga polegaj\u0105ca na analizie zg\u0142oszonego zagadnienia oraz wypracowanie rozwi\u0105zania optymalnego z punktu widzenia potrzeb klienta. &nbsp;&nbsp;&nbsp;&nbsp;&nbsp;&nbsp;&nbsp;&nbsp;&nbsp;&nbsp;&nbsp;&nbsp;&nbsp;&nbsp;&nbsp;&nbsp;&nbsp;&nbsp;&nbsp;&nbsp;&nbsp;&nbsp;&nbsp;&nbsp;&nbsp;&nbsp;&nbsp;&nbsp;&nbsp;&nbsp;&nbsp;&nbsp;&nbsp;&nbsp;&nbsp;&nbsp;&nbsp;&nbsp;&nbsp;&nbsp;&nbsp;&nbsp;&nbsp;&nbsp;&nbsp;&nbsp;&nbsp;&nbsp;&nbsp;&nbsp;&nbsp;&nbsp;&nbsp;&nbsp;&nbsp;&nbsp;&nbsp;&nbsp;&nbsp;&nbsp;&nbsp;&nbsp;&nbsp;&nbsp;&nbsp;&hellip; <br \/> <a class=\"button small blue\" href=\"https:\/\/mpandp.dfirma.pl\/\">Dowiedz si\u0119 wi\u0119cej<\/a><\/p>\n","protected":false},"author":1,"featured_media":0,"parent":0,"menu_order":0,"comment_status":"closed","ping_status":"closed","template":"","meta":{"footnotes":""},"class_list":["post-19","page","type-page","status-publish","hentry"],"_links":{"self":[{"href":"https:\/\/mpandp.dfirma.pl\/index.php\/wp-json\/wp\/v2\/pages\/19"}],"collection":[{"href":"https:\/\/mpandp.dfirma.pl\/index.php\/wp-json\/wp\/v2\/pages"}],"about":[{"href":"https:\/\/mpandp.dfirma.pl\/index.php\/wp-json\/wp\/v2\/types\/page"}],"author":[{"embeddable":true,"href":"https:\/\/mpandp.dfirma.pl\/index.php\/wp-json\/wp\/v2\/users\/1"}],"replies":[{"embeddable":true,"href":"https:\/\/mpandp.dfirma.pl\/index.php\/wp-json\/wp\/v2\/comments?post=19"}],"version-history":[{"count":37,"href":"https:\/\/mpandp.dfirma.pl\/index.php\/wp-json\/wp\/v2\/pages\/19\/revisions"}],"predecessor-version":[{"id":179,"href":"https:\/\/mpandp.dfirma.pl\/index.php\/wp-json\/wp\/v2\/pages\/19\/revisions\/179"}],"wp:attachment":[{"href":"https:\/\/mpandp.dfirma.pl\/index.php\/wp-json\/wp\/v2\/media?parent=19"}],"curies":[{"name":"wp","href":"https:\/\/api.w.org\/{rel}","templated":true}]}}